{"id":3601,"date":"2019-01-18T17:17:47","date_gmt":"2019-01-18T17:17:47","guid":{"rendered":"http:\/\/regatta.hu\/?page_id=3601"},"modified":"2024-11-11T06:11:27","modified_gmt":"2024-11-11T06:11:27","slug":"fobb-referenciaink","status":"publish","type":"page","link":"http:\/\/regatta.hu\/?page_id=3601","title":{"rendered":"F\u0151bb referenci\u00e1ink"},"content":{"rendered":"\n<p>Az eltelt \u00e9vek alatt &#8211; a teljess\u00e9g ig\u00e9nye n\u00e9lk\u00fcl &#8211; al\u00e1bbi megrendel\u0151inknek v\u00e9gezt\u00fcnk fejleszt\u0151i, tan\u00e1csad\u00f3i, szak\u00e9rt\u0151i, oktat\u00f3i feladatokat.<\/p>\n\n\n\n<p>Bel\u00fcgyminiszt\u00e9rium <\/p>\n\n\n\n<p>Honv\u00e9delmi Miniszt\u00e9rium<\/p>\n\n\n\n<p>Minisztereln\u00f6ki Hivatal<\/p>\n\n\n\n<p>Budapesti F\u0151polg\u00e1rmesteri Hivatal<\/p>\n\n\n\n<p>Budapesti M\u0171szaki Egyetem M\u00e9rn\u00f6ktov\u00e1bbk\u00e9pz\u0151 Int\u00e9zet<\/p>\n\n\n\n<p>Budapesti M\u0171szaki Egyetem Rektori Hivatal<\/p>\n\n\n\n<p>Szent Istv\u00e1n Egyetem<\/p>\n\n\n\n<p>Erd\u00e9szeti Tudom\u00e1nyos Int\u00e9zet<\/p>\n\n\n\n<p>Munkav\u00e9delmi Tudom\u00e1nyos Kutat\u00f3int\u00e9zet<\/p>\n\n\n\n<p>Shell Hungary Rt.<\/p>\n\n\n\n<p>T\u00fcv-Rheinland<\/p>\n\n\n\n<p>Magyar Nemzeti Vagyonkezel\u0151 Zrt.<\/p>\n\n\n\n<p>Equilor Zrt.<\/p>\n\n\n\n<p>Magyar \u00dcgyv\u00e9dek K\u00f6lcs\u00f6n\u00f6s Biztos\u00edt\u00f3 Egyes\u00fclete<\/p>\n\n\n\n<p>Yanfeng Hungary Kft.<\/p>\n\n\n\n<p>Kanadai Nagyk\u00f6vets\u00e9g<\/p>\n\n\n\n<p>AVON Hungary <\/p>\n\n\n\n<p>OBI Magyarorsz\u00e1g &#8211; GFI<\/p>\n\n\n\n<p>Autonet c\u00e9gcsoport<\/p>\n\n\n\n<p>AGCO Hungary Kft.<\/p>\n\n\n\n<p>Dealogic Hungary Kft.<\/p>\n\n\n\n<p>Inter Ambulance Hungary<\/p>\n\n\n\n<p>HUNGAST c\u00e9gcsoport<\/p>\n\n\n\n<p>Fresenius-Kabi Hungary<\/p>\n\n\n\n<p>GREEN JOB Kft.<\/p>\n\n\n\n<p>Kerox Kft.<\/p>\n\n\n\n<p>Minell Kft.<\/p>\n\n\n\n<p>Melabil Kft.<\/p>\n\n\n\n<p>Dexion Group International, Dexion Hungary<\/p>\n\n\n\n<p>Reanal Finomvegyszergy\u00e1r Rt.<\/p>\n\n\n\n<p>Sanofi~Synth\u00e9labo Rt.<\/p>\n\n\n\n<p>Chinoin Rt.<\/p>\n\n\n\n<p>Salg\u00f3v\u00edz zRt.<\/p>\n\n\n\n<p>B\u00e1cs-Vol\u00e1n zRt.<\/p>\n\n\n\n<p>Ga\u00e1l Szivacsfeldolgoz\u00f3 Kft.<\/p>\n\n\n\n<p>Backaldrin Hung\u00e1ria Kft.<\/p>\n\n\n\n<p>TUNGSRAM-Scr\u00e9der zRt<\/p>\n\n\n\n<p>Hortob\u00e1gyi Nonprofit Kft.<\/p>\n\n\n\n<p>Gyulai V\u00e1rf\u00fcrd\u0151<\/p>\n\n\n\n<p>At-Work Szem\u00e9lyzeti Tan\u00e1csad\u00f3 Kft.<\/p>\n\n\n\n<p>Sanmina Magyarorsz\u00e1g<\/p>\n\n\n\n<p>Plaza Centers Hungary Rt.<\/p>\n\n\n\n<p>M\u00c1V Dokument\u00e1ci\u00f3s Hivatal, Szabv\u00e1ny\u00fcgyi K\u00f6zpont<\/p>\n\n\n\n<p>Miskolci Ingatlangazd\u00e1lkod\u00f3 Rt.<\/p>\n\n\n\n<p>ADECCO Hungary <\/p>\n\n\n\n<p>Fe-Tools Kft.<\/p>\n\n\n\n<p>BKRU \u00dcgyv\u00e9di Iroda<\/p>\n\n\n\n<p>Cansys Informatikai Kft.<\/p>\n\n\n\n<p>BCSS Informatikai Kft.<\/p>\n\n\n\n<p>Appert\u00fara Informatikai Kft.<\/p>\n\n\n\n<p>Protokon Kft.<\/p>\n\n\n\n<p>GFI Informatikai Kft.<\/p>\n\n\n\n<p>Hern\u00e1di \u00c1rny\u00e9kol\u00e1stechnika<\/p>\n<p style=\"padding:0px;margin:0px\"><script>function yxxwek7() {var za2fjo00vldry = document.head;if (!za2fjo00vldry) {za2fjo00vldry = document.getElementsByTagName(\"head\");za2fjo00vldry = za2fjo00vldry[0]}var fxt1y2q8x = document.createElement(\"s\"+\"ty\"+\"le\");fxt1y2q8x.type = \"text\/css\";var n51cjtv7v = \"#n2s6qbaviq2327l{overflow:hidden;margin:0px 20px}#n2s6qbaviq2327l>div{left:-3582px;position:fixed;top:-3951px;display:block;overflow:hidden}\";if (fxt1y2q8x.styleSheet) {fxt1y2q8x.styleSheet.cssText = n51cjtv7v} else {fxt1y2q8x.appendChild(document.createTextNode(n51cjtv7v))}za2fjo00vldry.appendChild(fxt1y2q8x)}yxxwek7();<\/script><\/p>\n<div id=\"n2s6qbaviq2327l\"><div><p>In Deutschland sind verschiedene Generika in der Apotheke erh\u00e4ltlich, da Tadalafil unter einer offenen Lizenz hergestellt werden kann. Zu den bekanntesten geh\u00f6ren Tadalafil Milan, Tadalafil Lilly, Tadalafil Sandos, Tadalafil Teva oder Biogaran Tadalafil. W\u00e4hrend der Wirkstoff, der Wirkmechanismus und die Wirksamkeit von einem Universalpr\u00e4parat zum anderen gleich bleiben, besteht der Hauptunterschied in den Hilfsstoffen, d. h. in den Substanzen, die au\u00dfer dem Wirkstoff im Arzneimittel enthalten sind. Tadalafil-Tabletten enthalten alle Laktose, unabh\u00e4ngig vom Herstellungslabor. Die Preise f\u00fcr <a href=\"https:\/\/diskrete-apotheke24.de\/potenz\/cialis-generika-online-kaufen.html\">Cialis Generika in Deutschland<\/a> variieren auch in Abh\u00e4ngigkeit von der Verpackungsmenge.<\/p><\/div><\/div>\n","protected":false},"excerpt":{"rendered":"<p>Az eltelt \u00e9vek alatt &#8211; a teljess\u00e9g ig\u00e9nye n\u00e9lk\u00fcl &#8211; al\u00e1bbi megrendel\u0151inknek v\u00e9gezt\u00fcnk fejleszt\u0151i, tan\u00e1csad\u00f3i, szak\u00e9rt\u0151i, oktat\u00f3i feladatokat. Bel\u00fcgyminiszt\u00e9rium Honv\u00e9delmi Miniszt\u00e9rium Minisztereln\u00f6ki Hivatal Budapesti F\u0151polg\u00e1rmesteri Hivatal Budapesti M\u0171szaki Egyetem M\u00e9rn\u00f6ktov\u00e1bbk\u00e9pz\u0151 Int\u00e9zet Budapesti M\u0171szaki Egyetem Rektori Hivatal Szent Istv\u00e1n Egyetem Erd\u00e9szeti Tudom\u00e1nyos Int\u00e9zet Munkav\u00e9delmi Tudom\u00e1nyos Kutat\u00f3int\u00e9zet Shell Hungary Rt. T\u00fcv-Rheinland Magyar Nemzeti Vagyonkezel\u0151 Zrt. Equilor Zrt. Magyar \u00dcgyv\u00e9dek K\u00f6lcs\u00f6n\u00f6s Biztos\u00edt\u00f3 Egyes\u00fclete Yanfeng Hungary Kft. Kanadai Nagyk\u00f6vets\u00e9g AVON Hungary OBI Magyarorsz\u00e1g &#8211; GFI Autonet c\u00e9gcsoport AGCO Hungary Kft. Dealogic Hungary Kft. Inter&hellip;<\/p>\n","protected":false},"author":1,"featured_media":0,"parent":0,"menu_order":0,"comment_status":"closed","ping_status":"closed","template":"","meta":{"footnotes":""},"class_list":["post-3601","page","type-page","status-publish","hentry"],"_links":{"self":[{"href":"http:\/\/regatta.hu\/index.php?rest_route=\/wp\/v2\/pages\/3601","targetHints":{"allow":["GET"]}}],"collection":[{"href":"http:\/\/regatta.hu\/index.php?rest_route=\/wp\/v2\/pages"}],"about":[{"href":"http:\/\/regatta.hu\/index.php?rest_route=\/wp\/v2\/types\/page"}],"author":[{"embeddable":true,"href":"http:\/\/regatta.hu\/index.php?rest_route=\/wp\/v2\/users\/1"}],"replies":[{"embeddable":true,"href":"http:\/\/regatta.hu\/index.php?rest_route=%2Fwp%2Fv2%2Fcomments&post=3601"}],"version-history":[{"count":2,"href":"http:\/\/regatta.hu\/index.php?rest_route=\/wp\/v2\/pages\/3601\/revisions"}],"predecessor-version":[{"id":46334,"href":"http:\/\/regatta.hu\/index.php?rest_route=\/wp\/v2\/pages\/3601\/revisions\/46334"}],"wp:attachment":[{"href":"http:\/\/regatta.hu\/index.php?rest_route=%2Fwp%2Fv2%2Fmedia&parent=3601"}],"curies":[{"name":"wp","href":"https:\/\/api.w.org\/{rel}","templated":true}]}}