{"id":3594,"date":"2019-01-18T17:10:54","date_gmt":"2019-01-18T17:10:54","guid":{"rendered":"http:\/\/regatta.hu\/?page_id=3594"},"modified":"2019-01-18T18:33:01","modified_gmt":"2019-01-18T18:33:01","slug":"a-regatta-project-kft","status":"publish","type":"page","link":"http:\/\/regatta.hu\/?page_id=3594","title":{"rendered":"A Regatta Project Kft."},"content":{"rendered":"\n<p>A Regatta Project Kft. el\u0151dje, a Regatta Szoftver Tan\u00e1csad\u00f3i \u00e9s Fejleszt\u0151i Iroda azzal a c\u00e9llal alakult meg 1998-ban, hogy mint szak\u00e9rt\u0151i iroda, t\u00e1mogassa partnereinek sz\u00e1m\u00edt\u00e1stechnikai d\u00f6nt\u00e9shoz\u00f3i tev\u00e9kenys\u00e9g\u00e9t, illetve speci\u00e1lis egyedi fejleszt\u00e9sekkel &#8211; hardver \u00e9s szoftver ter\u00fcleten egyar\u00e1nt &#8211; seg\u00edtse megrendel\u0151inek munk\u00e1j\u00e1t.<\/p>\n\n\n\n<p>A n\u00f6vekv\u0151 feladatok ok\u00e1n, \u00e9s a tev\u00e9kenys\u00e9gi profilok sz\u00e9tv\u00e1laszt\u00e1s\u00e1nak c\u00e9lj\u00e1b\u00f3l 2008-ban megalakult a Regatta Project Kft. <\/p>\n\n\n\n<p>Mindk\u00e9t c\u00e9g vezet\u0151je Gazs\u00f3 Zolt\u00e1n, aki 1986 \u00f3ta foglalkozik szoftverrendszerek fejleszt\u00e9s\u00e9vel. &nbsp;F\u0151 profilja az egyedi v\u00e1llalat \u00e9s termel\u00e9sir\u00e1ny\u00edt\u00e1si, valamint \u00fcgyviteli rendszerek tervez\u00e9se, fejleszt\u00e9se. A Budapesti M\u0171szaki Egyetem M\u00e9rn\u00f6ktov\u00e1bbk\u00e9pz\u0151 Int\u00e9zet\u00e9ben 1986-ban els\u0151k\u00e9nt kezdte meg a PC-k kezel\u00e9s\u00e9nek \u00e9s programoz\u00e1s\u00e1nak oktat\u00e1s\u00e1t. Szakir\u00e1nya a fejleszt\u0151eszk\u00f6z\u00f6k, \u00e9s az adatb\u00e1zis-kezel\u0151 rendszerek oktat\u00e1sa, alkalmaz\u00e1sa. T\u00f6bb jegyzete \u00e9s sz\u00e1m\u00edt\u00e1stechnikai szakk\u00f6nyve jelent meg.<\/p>\n\n\n\n<p>A c\u00e9g munkat\u00e1rsai sok\u00e9ves tapasztalattal, fels\u0151fok\u00fa v\u00e9gzetts\u00e9ggel rendelkez\u0151 fejleszt\u0151k, oktat\u00f3k. Rendszereink fejleszt\u00e9s\u00e9t a legkorszer\u0171bb eszk\u00f6z\u00f6k alkalmaz\u00e1s\u00e1val v\u00e9gezz\u00fck.<\/p>\n\n\n\n<p>A Regatta Project Kft. c\u00e9lja, hogy k\u00f6lts\u00e9ghat\u00e9kony megold\u00e1sokat keresve, r\u00f6vid hat\u00e1rid\u0151n bel\u00fcl, a megrendel\u0151i ig\u00e9nyek maxim\u00e1lis szem el\u0151tt tart\u00e1s\u00e1val l\u00e1ssa el feladatait, s partnereivel hossz\u00fa t\u00e1v\u00fa egy\u00fcttm\u0171k\u00f6d\u00e9st alak\u00edtson ki.<\/p>\n","protected":false},"excerpt":{"rendered":"<p>A Regatta Project Kft. el\u0151dje, a Regatta Szoftver Tan\u00e1csad\u00f3i \u00e9s Fejleszt\u0151i Iroda azzal a c\u00e9llal alakult meg 1998-ban, hogy mint szak\u00e9rt\u0151i iroda, t\u00e1mogassa partnereinek sz\u00e1m\u00edt\u00e1stechnikai d\u00f6nt\u00e9shoz\u00f3i tev\u00e9kenys\u00e9g\u00e9t, illetve speci\u00e1lis egyedi fejleszt\u00e9sekkel &#8211; hardver \u00e9s szoftver ter\u00fcleten egyar\u00e1nt &#8211; seg\u00edtse megrendel\u0151inek munk\u00e1j\u00e1t. A n\u00f6vekv\u0151 feladatok ok\u00e1n, \u00e9s a tev\u00e9kenys\u00e9gi profilok sz\u00e9tv\u00e1laszt\u00e1s\u00e1nak c\u00e9lj\u00e1b\u00f3l 2008-ban megalakult a Regatta Project Kft. Mindk\u00e9t c\u00e9g vezet\u0151je Gazs\u00f3 Zolt\u00e1n, aki 1986 \u00f3ta foglalkozik szoftverrendszerek fejleszt\u00e9s\u00e9vel. &nbsp;F\u0151 profilja az egyedi v\u00e1llalat \u00e9s termel\u00e9sir\u00e1ny\u00edt\u00e1si, valamint \u00fcgyviteli rendszerek tervez\u00e9se, fejleszt\u00e9se.&hellip;<\/p>\n","protected":false},"author":1,"featured_media":0,"parent":0,"menu_order":0,"comment_status":"closed","ping_status":"closed","template":"","meta":{"footnotes":""},"class_list":["post-3594","page","type-page","status-publish","hentry"],"_links":{"self":[{"href":"http:\/\/regatta.hu\/index.php?rest_route=\/wp\/v2\/pages\/3594","targetHints":{"allow":["GET"]}}],"collection":[{"href":"http:\/\/regatta.hu\/index.php?rest_route=\/wp\/v2\/pages"}],"about":[{"href":"http:\/\/regatta.hu\/index.php?rest_route=\/wp\/v2\/types\/page"}],"author":[{"embeddable":true,"href":"http:\/\/regatta.hu\/index.php?rest_route=\/wp\/v2\/users\/1"}],"replies":[{"embeddable":true,"href":"http:\/\/regatta.hu\/index.php?rest_route=%2Fwp%2Fv2%2Fcomments&post=3594"}],"version-history":[{"count":2,"href":"http:\/\/regatta.hu\/index.php?rest_route=\/wp\/v2\/pages\/3594\/revisions"}],"predecessor-version":[{"id":3596,"href":"http:\/\/regatta.hu\/index.php?rest_route=\/wp\/v2\/pages\/3594\/revisions\/3596"}],"wp:attachment":[{"href":"http:\/\/regatta.hu\/index.php?rest_route=%2Fwp%2Fv2%2Fmedia&parent=3594"}],"curies":[{"name":"wp","href":"https:\/\/api.w.org\/{rel}","templated":true}]}}